{"id":14970,"date":"2022-12-11T08:22:33","date_gmt":"2022-12-11T08:22:33","guid":{"rendered":"https:\/\/romanovskylaw.com\/?page_id=14970"},"modified":"2024-06-17T01:14:52","modified_gmt":"2024-06-17T01:14:52","slug":"immigration-trivia","status":"publish","type":"page","link":"https:\/\/romanovskylaw.com\/ro\/immigration-trivia\/","title":{"rendered":"Test de imigrare"},"content":{"rendered":"<div data-elementor-type=\"wp-page\" data-elementor-id=\"14970\" class=\"elementor elementor-14970\">\n\t\t\t\t\t\t\t\t\t<section class=\"elementor-section elementor-top-section elementor-element elementor-element-c5fdd3f elementor-section-full_width elementor-section-stretched elementor-section-height-default elementor-section-height-default\" data-id=\"c5fdd3f\" data-element_type=\"section\" data-settings=\"{&quot;stretch_section&quot;:&quot;section-stretched&quot;}\">\n\t\t\t\t\t\t<div class=\"elementor-container elementor-column-gap-no\">\n\t\t\t\t\t<div class=\"elementor-column elementor-col-100 elementor-top-column elementor-element elementor-element-8e4f462\" data-id=\"8e4f462\" data-element_type=\"column\">\n\t\t\t<div class=\"elementor-widget-wrap elementor-element-populated\">\n\t\t\t\t\t\t\t\t<div class=\"elementor-element elementor-element-fc18c1b elementor-hidden-mobile elementor-widget elementor-widget-image\" data-id=\"fc18c1b\" data-element_type=\"widget\" data-widget_type=\"image.default\">\n\t\t\t\t<div class=\"elementor-widget-container\">\n\t\t\t<style>\/*! elementor - v3.9.2 - 21-12-2022 *\/\n.elementor-widget-image{text-align:center}.elementor-widget-image a{display:inline-block}.elementor-widget-image a img[src$=\".svg\"]{width:48px}.elementor-widget-image img{vertical-align:middle;display:inline-block}<\/style>\t\t\t\t\t\t\t\t\t\t\t\t<img loading=\"lazy\" decoding=\"async\" width=\"2560\" height=\"1435\" src=\"https:\/\/romanovskylaw.com\/wp-content\/uploads\/2024\/05\/Final-Final-Frame_new-1-scaled.jpg\" class=\"attachment-full size-full wp-image-15239\" alt=\"\" srcset=\"https:\/\/romanovskylaw.com\/wp-content\/uploads\/2024\/05\/Final-Final-Frame_new-1-scaled.jpg 2560w, https:\/\/romanovskylaw.com\/wp-content\/uploads\/2024\/05\/Final-Final-Frame_new-1-300x168.jpg 300w, https:\/\/romanovskylaw.com\/wp-content\/uploads\/2024\/05\/Final-Final-Frame_new-1-1024x574.jpg 1024w, https:\/\/romanovskylaw.com\/wp-content\/uploads\/2024\/05\/Final-Final-Frame_new-1-768x431.jpg 768w, https:\/\/romanovskylaw.com\/wp-content\/uploads\/2024\/05\/Final-Final-Frame_new-1-1536x861.jpg 1536w, https:\/\/romanovskylaw.com\/wp-content\/uploads\/2024\/05\/Final-Final-Frame_new-1-2048x1148.jpg 2048w, https:\/\/romanovskylaw.com\/wp-content\/uploads\/2024\/05\/Final-Final-Frame_new-1-18x10.jpg 18w\" sizes=\"auto, (max-width: 2560px) 100vw, 2560px\" \/>\t\t\t\t\t\t\t\t\t\t\t\t\t\t\t<\/div>\n\t\t\t\t<\/div>\n\t\t\t\t<div class=\"elementor-element elementor-element-f0d1a99 elementor-hidden-desktop elementor-hidden-tablet elementor-widget elementor-widget-image\" data-id=\"f0d1a99\" data-element_type=\"widget\" data-widget_type=\"image.default\">\n\t\t\t\t<div class=\"elementor-widget-container\">\n\t\t\t\t\t\t\t\t\t\t\t\t\t\t\t<img loading=\"lazy\" decoding=\"async\" width=\"1440\" height=\"1750\" src=\"https:\/\/romanovskylaw.com\/wp-content\/uploads\/2024\/05\/Final-mobile-2.jpg\" class=\"attachment-full size-full wp-image-15248\" alt=\"\" srcset=\"https:\/\/romanovskylaw.com\/wp-content\/uploads\/2024\/05\/Final-mobile-2.jpg 1440w, https:\/\/romanovskylaw.com\/wp-content\/uploads\/2024\/05\/Final-mobile-2-247x300.jpg 247w, https:\/\/romanovskylaw.com\/wp-content\/uploads\/2024\/05\/Final-mobile-2-843x1024.jpg 843w, https:\/\/romanovskylaw.com\/wp-content\/uploads\/2024\/05\/Final-mobile-2-768x933.jpg 768w, https:\/\/romanovskylaw.com\/wp-content\/uploads\/2024\/05\/Final-mobile-2-1264x1536.jpg 1264w, https:\/\/romanovskylaw.com\/wp-content\/uploads\/2024\/05\/Final-mobile-2-10x12.jpg 10w\" sizes=\"auto, (max-width: 1440px) 100vw, 1440px\" \/>\t\t\t\t\t\t\t\t\t\t\t\t\t\t\t<\/div>\n\t\t\t\t<\/div>\n\t\t\t\t\t<\/div>\n\t\t<\/div>\n\t\t\t\t\t\t\t<\/div>\n\t\t<\/section>\n\t\t\t\t<section class=\"elementor-section elementor-top-section elementor-element elementor-element-ba437ee elementor-section-stretched elementor-section-boxed elementor-section-height-default elementor-section-height-default\" data-id=\"ba437ee\" data-element_type=\"section\" data-settings=\"{&quot;stretch_section&quot;:&quot;section-stretched&quot;}\">\n\t\t\t\t\t\t<div class=\"elementor-container elementor-column-gap-default\">\n\t\t\t\t\t<div class=\"elementor-column elementor-col-100 elementor-top-column elementor-element elementor-element-29f4e09\" data-id=\"29f4e09\" data-element_type=\"column\" data-settings=\"{&quot;background_background&quot;:&quot;classic&quot;}\">\n\t\t\t<div class=\"elementor-widget-wrap elementor-element-populated\">\n\t\t\t\t\t\t\t\t<div class=\"elementor-element elementor-element-525a2bf elementor-widget elementor-widget-text-editor\" data-id=\"525a2bf\" data-element_type=\"widget\" data-widget_type=\"text-editor.default\">\n\t\t\t\t<div class=\"elementor-widget-container\">\n\t\t\t<style>\/*! elementor - v3.9.2 - 21-12-2022 *\/\n.elementor-widget-text-editor.elementor-drop-cap-view-stacked .elementor-drop-cap{background-color:#818a91;color:#fff}.elementor-widget-text-editor.elementor-drop-cap-view-framed .elementor-drop-cap{color:#818a91;border:3px solid;background-color:transparent}.elementor-widget-text-editor:not(.elementor-drop-cap-view-default) .elementor-drop-cap{margin-top:8px}.elementor-widget-text-editor:not(.elementor-drop-cap-view-default) .elementor-drop-cap-letter{width:1em;height:1em}.elementor-widget-text-editor .elementor-drop-cap{float:left;text-align:center;line-height:1;font-size:50px}.elementor-widget-text-editor .elementor-drop-cap-letter{display:inline-block}<\/style>\t\t\t\t<p>Dac\u0103 ave\u021bi nevoie de explicarea r\u0103spunsului corect, v\u0103 rug\u0103m s\u0103 trimite\u021bi un e-mail Trivia Master: <a href=\"mailto:trivia@romanovskylaw.com\">trivia@romanovskylaw.com<\/a><\/p>\t\t\t\t\t\t<\/div>\n\t\t\t\t<\/div>\n\t\t\t\t<div class=\"elementor-element elementor-element-9fdf972 elementor-widget elementor-widget-html\" data-id=\"9fdf972\" data-element_type=\"widget\" data-widget_type=\"html.default\">\n\t\t\t\t<div class=\"elementor-widget-container\">\n\t\t\t<script type=\"text\/javascript\" src=\"https:\/\/triviamaker.com\/embed\/20230601168562142757004.js\"> <\/script>\t\t<\/div>\n\t\t\t\t<\/div>\n\t\t\t\t<div class=\"elementor-element elementor-element-acbeffd elementor-widget elementor-widget-rs-heading\" data-id=\"acbeffd\" data-element_type=\"widget\" data-widget_type=\"rs-heading.default\">\n\t\t\t\t<div class=\"elementor-widget-container\">\n\t\t\t        <div class=\"rs-heading default center\">\r\n        \t<div class=\"title-inner\">\r\n        \t\t      \t\t\r\n\t            <h2 class=\"title\"><span class=\"watermark\"><\/span>Clasament Trivia privind imigra\u021bia<\/h2>\t        <\/div>\r\n\t                <\/div>\r\n\r\n        \t\t<\/div>\n\t\t\t\t<\/div>\n\t\t\t\t<div class=\"elementor-element elementor-element-0da745d elementor-widget elementor-widget-RS-Table\" data-id=\"0da745d\" data-element_type=\"widget\" data-widget_type=\"RS-Table.default\">\n\t\t\t\t<div class=\"elementor-widget-container\">\n\t\t\t\t\t<table class=\"rselements-table\" id=\"datatable-3956475\">\r\n\t\t\t<thead  class=\"rselements-table-header\">\r\n\t\t\t\t<tr>\r\n\t\t\t\t\t<th class=\"elementor-inline-editing elementor-repeater-headeritem-5eb7c1c\"   >Rank<\/th><th class=\"elementor-inline-editing elementor-repeater-headeritem-02e87dc\"   >Nume<\/th><th class=\"elementor-inline-editing elementor-repeater-headeritem-9bb7252\"   >Ora\u0219<\/th><th class=\"elementor-inline-editing elementor-repeater-headeritem-c048796\"   >Ochelari<\/th>\t\t\t\t<\/tr>\r\n\t\t\t<\/thead>\r\n\t\t\t<tbody class=\"rselements-table-body\">\r\n\t\t\t\t<tr>\r\n\t\t\t\t\t<td   class=\"elementor-repeater-item-e26bd30\" >1<\/td><td   class=\"elementor-repeater-item-1c84949\" >Aimee Mayer-Salins<\/td><td   class=\"elementor-repeater-item-9279bf7\" >Boston, MA<\/td><td   class=\"elementor-repeater-item-19d7482\" >600<\/td><\/tr><tr><td   class=\"elementor-repeater-item-375d5b8\" >2<\/td><td   class=\"elementor-repeater-item-a3fb098\" >Jennifer Paulino<\/td><td   class=\"elementor-repeater-item-aafeea7\" >Huntersville, NC<\/td><td   class=\"elementor-repeater-item-ae7dd14\" >600<\/td><\/tr><tr><td   class=\"elementor-repeater-item-b5cb063\" >3<\/td><td   class=\"elementor-repeater-item-0d5e58e\" >Zoe Schonfeld\n<\/td><td   class=\"elementor-repeater-item-79f81d8\" >New York, NY<\/td><td   class=\"elementor-repeater-item-e7b6f32\" >600<\/td><\/tr><tr><td   class=\"elementor-repeater-item-d26fc11\" >4<\/td><td   class=\"elementor-repeater-item-4ef0cb9\" >Helen Parsonage<\/td><td   class=\"elementor-repeater-item-81b5323\" >Winston-Salem, NC<\/td><td   class=\"elementor-repeater-item-d16e563\" >500<\/td><\/tr><tr><td   class=\"elementor-repeater-item-f9bf8e0\" >5<\/td><td   class=\"elementor-repeater-item-6360e6b\" >Sabrina Damast<\/td><td   class=\"elementor-repeater-item-f74b94d\" >Los Angeles, CA<\/td><td   class=\"elementor-repeater-item-1fdca51\" >500<\/td><\/tr><tr><td   class=\"elementor-repeater-item-f877e69\" >6<\/td><td   class=\"elementor-repeater-item-589f733\" >Mallory Deckard<\/td><td   class=\"elementor-repeater-item-e6bca88\" >Evansville, IN<\/td><td   class=\"elementor-repeater-item-8613187\" >400<\/td><\/tr><tr><td   class=\"elementor-repeater-item-1355b70\" >7<\/td><td   class=\"elementor-repeater-item-1cb85fa\" >Nicholle Pitt White<\/td><td   class=\"elementor-repeater-item-f7f85bf\" >Murray, UT<\/td><td   class=\"elementor-repeater-item-6b52db0\" >400<\/td><\/tr><tr><td   class=\"elementor-repeater-item-1dca8ca\" >8<\/td><td   class=\"elementor-repeater-item-32b7961\" >Carla Stenzel<\/td><td   class=\"elementor-repeater-item-8750ad5\" >Omaha, NE<\/td><td   class=\"elementor-repeater-item-0009a56\" >400<\/td><\/tr><tr><td   class=\"elementor-repeater-item-9fb25d9\" >9<\/td><td   class=\"elementor-repeater-item-39fb77d\" >Amelia Wester<\/td><td   class=\"elementor-repeater-item-5797a7e\" >Alexandria, VA<\/td><td   class=\"elementor-repeater-item-9a5409e\" >400<\/td>\t\t\t\t<\/tr>\r\n\t\t\t<\/tbody>\r\n\t\t<\/table>\r\n\r\n\t\t<script type=\"text\/javascript\">\r\n\t\t\tjQuery(document).ready(function () {\r\n\t\t\t\tjQuery('#datatable-3956475').DataTable({\r\n\t\t\t\t\t\"searching\": false,\r\n\t\t\t\t\t\"paging\":   false,\r\n\t\t\t        \"ordering\": true,\r\n\t\t\t        \"info\":     false,\t\t\t      \r\n\t\t\t\t});\r\n\t\t\t\tjQuery('.dataTables_length').addClass('rsdatatable-select');\r\n\r\n\t\t\t});\r\n\r\n\r\n\t\t<\/script>\r\n\t\t\r\n\t\t\t\t<\/div>\n\t\t\t\t<\/div>\n\t\t\t\t\t<\/div>\n\t\t<\/div>\n\t\t\t\t\t\t\t<\/div>\n\t\t<\/section>\n\t\t\t\t<section class=\"elementor-section elementor-top-section elementor-element elementor-element-263f73da elementor-section-stretched elementor-hidden-desktop elementor-hidden-tablet elementor-hidden-mobile elementor-section-boxed elementor-section-height-default elementor-section-height-default\" data-id=\"263f73da\" data-element_type=\"section\" data-settings=\"{&quot;background_background&quot;:&quot;classic&quot;,&quot;stretch_section&quot;:&quot;section-stretched&quot;}\">\n\t\t\t\t\t\t<div class=\"elementor-container elementor-column-gap-extended\">\n\t\t\t\t\t<div class=\"elementor-column elementor-col-100 elementor-top-column elementor-element elementor-element-65d41f5a\" data-id=\"65d41f5a\" data-element_type=\"column\">\n\t\t\t<div class=\"elementor-widget-wrap elementor-element-populated\">\n\t\t\t\t\t\t\t\t<div class=\"elementor-element elementor-element-61d8b020 elementor-widget elementor-widget-spacer\" data-id=\"61d8b020\" data-element_type=\"widget\" data-widget_type=\"spacer.default\">\n\t\t\t\t<div class=\"elementor-widget-container\">\n\t\t\t<style>\/*! elementor - v3.9.2 - 21-12-2022 *\/\n.elementor-column .elementor-spacer-inner{height:var(--spacer-size)}.e-con{--container-widget-width:100%}.e-con-inner>.elementor-widget-spacer,.e-con>.elementor-widget-spacer{width:var(--container-widget-width,var(--spacer-size));--align-self:var(--container-widget-align-self,initial);--flex-shrink:0}.e-con-inner>.elementor-widget-spacer>.elementor-widget-container,.e-con-inner>.elementor-widget-spacer>.elementor-widget-container>.elementor-spacer,.e-con>.elementor-widget-spacer>.elementor-widget-container,.e-con>.elementor-widget-spacer>.elementor-widget-container>.elementor-spacer{height:100%}.e-con-inner>.elementor-widget-spacer>.elementor-widget-container>.elementor-spacer>.elementor-spacer-inner,.e-con>.elementor-widget-spacer>.elementor-widget-container>.elementor-spacer>.elementor-spacer-inner{height:var(--container-widget-height,var(--spacer-size))}<\/style>\t\t<div class=\"elementor-spacer\">\n\t\t\t<div class=\"elementor-spacer-inner\"><\/div>\n\t\t<\/div>\n\t\t\t\t<\/div>\n\t\t\t\t<\/div>\n\t\t\t\t\t<\/div>\n\t\t<\/div>\n\t\t\t\t\t\t\t<\/div>\n\t\t<\/section>\n\t\t\t\t\t\t\t<\/div>","protected":false},"excerpt":{"rendered":"<p>If you need the correct answer explained, please email the Trivia Master: trivia@romanovskylaw.com Immigration Trivia Leaderboard Rank Name City Points 1 Aimee Mayer-Salins Boston, MA 600 2 Jennifer Paulino Huntersville, NC 600 3 Zoe Schonfeld New York, NY 600 4 Helen Parsonage Winston-Salem, NC 500 5 Sabrina Damast Los Angeles, CA 500 6 Mallory Deckard&#8230;<\/p>","protected":false},"author":1,"featured_media":0,"parent":0,"menu_order":0,"comment_status":"closed","ping_status":"closed","template":"","meta":{"_themeisle_gutenberg_block_has_review":false,"footnotes":"","_links_to":"","_links_to_target":""},"class_list":["post-14970","page","type-page","status-publish","hentry"],"yoast_head":"<!-- This site is optimized with the Yoast SEO plugin v19.13 - https:\/\/yoast.com\/wordpress\/plugins\/seo\/ -->\n<title>Immigration Trivia - Romanovsky Law: Best Immigration Lawyers in Boston<\/title>\n<meta name=\"robots\" content=\"index, follow, max-snippet:-1, max-image-preview:large, max-video-preview:-1\" \/>\n<link rel=\"canonical\" href=\"https:\/\/romanovskylaw.com\/ro\/immigration-trivia\/\" \/>\n<meta property=\"og:locale\" content=\"ro_RO\" \/>\n<meta property=\"og:type\" content=\"article\" \/>\n<meta property=\"og:title\" content=\"Immigration Trivia - Romanovsky Law: Best Immigration Lawyers in Boston\" \/>\n<meta property=\"og:description\" content=\"If you need the correct answer explained, please email the Trivia Master: trivia@romanovskylaw.com Immigration Trivia Leaderboard Rank Name City Points 1 Aimee Mayer-Salins Boston, MA 600 2 Jennifer Paulino Huntersville, NC 600 3 Zoe Schonfeld New York, NY 600 4 Helen Parsonage Winston-Salem, NC 500 5 Sabrina Damast Los Angeles, CA 500 6 Mallory Deckard...\" \/>\n<meta property=\"og:url\" content=\"https:\/\/romanovskylaw.com\/ro\/immigration-trivia\/\" \/>\n<meta property=\"og:site_name\" content=\"Romanovsky Law: Best Immigration Lawyers in Boston\" \/>\n<meta property=\"article:publisher\" content=\"https:\/\/www.facebook.com\/romanovskylaw\" \/>\n<meta property=\"article:modified_time\" content=\"2024-06-17T01:14:52+00:00\" \/>\n<meta property=\"og:image\" content=\"https:\/\/romanovskylaw.com\/wp-content\/uploads\/2024\/05\/Final-Final-Frame_new-1-scaled.jpg\" \/>\n<meta name=\"twitter:card\" content=\"summary_large_image\" \/>\n<meta name=\"twitter:site\" content=\"@romanovskylaw\" \/>\n<script type=\"application\/ld+json\" class=\"yoast-schema-graph\">{\"@context\":\"https:\/\/schema.org\",\"@graph\":[{\"@type\":\"WebPage\",\"@id\":\"https:\/\/romanovskylaw.com\/immigration-trivia\/\",\"url\":\"https:\/\/romanovskylaw.com\/immigration-trivia\/\",\"name\":\"Immigration Trivia - Romanovsky Law: Best Immigration Lawyers in Boston\",\"isPartOf\":{\"@id\":\"https:\/\/romanovskylaw.com\/#website\"},\"datePublished\":\"2022-12-11T08:22:33+00:00\",\"dateModified\":\"2024-06-17T01:14:52+00:00\",\"breadcrumb\":{\"@id\":\"https:\/\/romanovskylaw.com\/immigration-trivia\/#breadcrumb\"},\"inLanguage\":\"ro-RO\",\"potentialAction\":[{\"@type\":\"ReadAction\",\"target\":[\"https:\/\/romanovskylaw.com\/immigration-trivia\/\"]}]},{\"@type\":\"BreadcrumbList\",\"@id\":\"https:\/\/romanovskylaw.com\/immigration-trivia\/#breadcrumb\",\"itemListElement\":[{\"@type\":\"ListItem\",\"position\":1,\"name\":\"Home\",\"item\":\"https:\/\/romanovskylaw.com\/\"},{\"@type\":\"ListItem\",\"position\":2,\"name\":\"Immigration Trivia\"}]},{\"@type\":\"WebSite\",\"@id\":\"https:\/\/romanovskylaw.com\/#website\",\"url\":\"https:\/\/romanovskylaw.com\/\",\"name\":\"Romanovsky Law: Best Immigration Lawyers in Boston\",\"description\":\"\",\"publisher\":{\"@id\":\"https:\/\/romanovskylaw.com\/#organization\"},\"potentialAction\":[{\"@type\":\"SearchAction\",\"target\":{\"@type\":\"EntryPoint\",\"urlTemplate\":\"https:\/\/romanovskylaw.com\/?s={search_term_string}\"},\"query-input\":\"required name=search_term_string\"}],\"inLanguage\":\"ro-RO\"},{\"@type\":\"Organization\",\"@id\":\"https:\/\/romanovskylaw.com\/#organization\",\"name\":\"Romanovsky Law: Best Immigration Lawyers in Boston\",\"url\":\"https:\/\/romanovskylaw.com\/\",\"logo\":{\"@type\":\"ImageObject\",\"inLanguage\":\"ro-RO\",\"@id\":\"https:\/\/romanovskylaw.com\/#\/schema\/logo\/image\/\",\"url\":\"https:\/\/romanovskylaw.com\/wp-content\/uploads\/2023\/01\/cropped-Logo-2.png\",\"contentUrl\":\"https:\/\/romanovskylaw.com\/wp-content\/uploads\/2023\/01\/cropped-Logo-2.png\",\"width\":2948,\"height\":496,\"caption\":\"Romanovsky Law: Best Immigration Lawyers in Boston\"},\"image\":{\"@id\":\"https:\/\/romanovskylaw.com\/#\/schema\/logo\/image\/\"},\"sameAs\":[\"https:\/\/www.linkedin.com\/in\/romanovskylaw\",\"https:\/\/www.youtube.com\/@RomanovskyLaw\",\"https:\/\/www.facebook.com\/romanovskylaw\",\"https:\/\/twitter.com\/romanovskylaw\"]}]}<\/script>\n<!-- \/ Yoast SEO plugin. -->","yoast_head_json":{"title":"Immigration Trivia - Romanovsky Law: Best Immigration Lawyers in Boston","robots":{"index":"index","follow":"follow","max-snippet":"max-snippet:-1","max-image-preview":"max-image-preview:large","max-video-preview":"max-video-preview:-1"},"canonical":"https:\/\/romanovskylaw.com\/ro\/immigration-trivia\/","og_locale":"ro_RO","og_type":"article","og_title":"Immigration Trivia - Romanovsky Law: Best Immigration Lawyers in Boston","og_description":"If you need the correct answer explained, please email the Trivia Master: trivia@romanovskylaw.com Immigration Trivia Leaderboard Rank Name City Points 1 Aimee Mayer-Salins Boston, MA 600 2 Jennifer Paulino Huntersville, NC 600 3 Zoe Schonfeld New York, NY 600 4 Helen Parsonage Winston-Salem, NC 500 5 Sabrina Damast Los Angeles, CA 500 6 Mallory Deckard...","og_url":"https:\/\/romanovskylaw.com\/ro\/immigration-trivia\/","og_site_name":"Romanovsky Law: Best Immigration Lawyers in Boston","article_publisher":"https:\/\/www.facebook.com\/romanovskylaw","article_modified_time":"2024-06-17T01:14:52+00:00","og_image":[{"url":"https:\/\/romanovskylaw.com\/wp-content\/uploads\/2024\/05\/Final-Final-Frame_new-1-scaled.jpg"}],"twitter_card":"summary_large_image","twitter_site":"@romanovskylaw","schema":{"@context":"https:\/\/schema.org","@graph":[{"@type":"WebPage","@id":"https:\/\/romanovskylaw.com\/immigration-trivia\/","url":"https:\/\/romanovskylaw.com\/immigration-trivia\/","name":"Immigration Trivia - Romanovsky Law: Best Immigration Lawyers in Boston","isPartOf":{"@id":"https:\/\/romanovskylaw.com\/#website"},"datePublished":"2022-12-11T08:22:33+00:00","dateModified":"2024-06-17T01:14:52+00:00","breadcrumb":{"@id":"https:\/\/romanovskylaw.com\/immigration-trivia\/#breadcrumb"},"inLanguage":"ro-RO","potentialAction":[{"@type":"ReadAction","target":["https:\/\/romanovskylaw.com\/immigration-trivia\/"]}]},{"@type":"BreadcrumbList","@id":"https:\/\/romanovskylaw.com\/immigration-trivia\/#breadcrumb","itemListElement":[{"@type":"ListItem","position":1,"name":"Home","item":"https:\/\/romanovskylaw.com\/"},{"@type":"ListItem","position":2,"name":"Immigration Trivia"}]},{"@type":"WebSite","@id":"https:\/\/romanovskylaw.com\/#website","url":"https:\/\/romanovskylaw.com\/","name":"Romanovsky Law: Best Immigration Lawyers in Boston","description":"","publisher":{"@id":"https:\/\/romanovskylaw.com\/#organization"},"potentialAction":[{"@type":"SearchAction","target":{"@type":"EntryPoint","urlTemplate":"https:\/\/romanovskylaw.com\/?s={search_term_string}"},"query-input":"required name=search_term_string"}],"inLanguage":"ro-RO"},{"@type":"Organization","@id":"https:\/\/romanovskylaw.com\/#organization","name":"Romanovsky Law: Best Immigration Lawyers in Boston","url":"https:\/\/romanovskylaw.com\/","logo":{"@type":"ImageObject","inLanguage":"ro-RO","@id":"https:\/\/romanovskylaw.com\/#\/schema\/logo\/image\/","url":"https:\/\/romanovskylaw.com\/wp-content\/uploads\/2023\/01\/cropped-Logo-2.png","contentUrl":"https:\/\/romanovskylaw.com\/wp-content\/uploads\/2023\/01\/cropped-Logo-2.png","width":2948,"height":496,"caption":"Romanovsky Law: Best Immigration Lawyers in Boston"},"image":{"@id":"https:\/\/romanovskylaw.com\/#\/schema\/logo\/image\/"},"sameAs":["https:\/\/www.linkedin.com\/in\/romanovskylaw","https:\/\/www.youtube.com\/@RomanovskyLaw","https:\/\/www.facebook.com\/romanovskylaw","https:\/\/twitter.com\/romanovskylaw"]}]}},"_links":{"self":[{"href":"https:\/\/romanovskylaw.com\/ro\/wp-json\/wp\/v2\/pages\/14970","targetHints":{"allow":["GET"]}}],"collection":[{"href":"https:\/\/romanovskylaw.com\/ro\/wp-json\/wp\/v2\/pages"}],"about":[{"href":"https:\/\/romanovskylaw.com\/ro\/wp-json\/wp\/v2\/types\/page"}],"author":[{"embeddable":true,"href":"https:\/\/romanovskylaw.com\/ro\/wp-json\/wp\/v2\/users\/1"}],"replies":[{"embeddable":true,"href":"https:\/\/romanovskylaw.com\/ro\/wp-json\/wp\/v2\/comments?post=14970"}],"version-history":[{"count":108,"href":"https:\/\/romanovskylaw.com\/ro\/wp-json\/wp\/v2\/pages\/14970\/revisions"}],"predecessor-version":[{"id":15303,"href":"https:\/\/romanovskylaw.com\/ro\/wp-json\/wp\/v2\/pages\/14970\/revisions\/15303"}],"wp:attachment":[{"href":"https:\/\/romanovskylaw.com\/ro\/wp-json\/wp\/v2\/media?parent=14970"}],"curies":[{"name":"wp","href":"https:\/\/api.w.org\/{rel}","templated":true}]}}